{"id":284,"date":"2022-03-03T15:33:27","date_gmt":"2022-03-03T14:33:27","guid":{"rendered":"https:\/\/nowayout.fr\/?page_id=284"},"modified":"2024-11-01T16:41:59","modified_gmt":"2024-11-01T15:41:59","slug":"soyez-le-heros-de-votre-aventure-avec-notre-nouvelle-aventure-escape-game-de-120-minutes-en-plein-centre-historique-de-fecamp-76400","status":"publish","type":"page","link":"https:\/\/nowayout.fr\/en\/be-the-hero-of-your-adventure-with-our-new-adventure-escape-game-of-120-minutes-in-full-historic-center-of-fecamp-76400\/","title":{"rendered":"Our new adventure"},"content":{"rendered":"<div data-elementor-type=\"wp-page\" data-elementor-id=\"284\" class=\"elementor elementor-284\" data-elementor-post-type=\"page\">\n\t\t\t\t\t\t<section class=\"elementor-section elementor-top-section elementor-element elementor-element-8c1239a elementor-section-height-full elementor-section-boxed elementor-section-height-default elementor-section-items-middle\" data-id=\"8c1239a\" data-element_type=\"section\" data-e-type=\"section\" data-settings=\"{&quot;background_background&quot;:&quot;classic&quot;}\">\n\t\t\t\t\t\t\t<div class=\"elementor-background-overlay\"><\/div>\n\t\t\t\t\t\t\t<div class=\"elementor-container elementor-column-gap-default\">\n\t\t\t\t\t<div class=\"elementor-column elementor-col-100 elementor-top-column elementor-element elementor-element-4e25f38\" data-id=\"4e25f38\" data-element_type=\"column\" data-e-type=\"column\">\n\t\t\t<div class=\"elementor-widget-wrap elementor-element-populated\">\n\t\t\t\t\t\t<div class=\"elementor-element elementor-element-6ca3735 elementor-widget elementor-widget-heading\" data-id=\"6ca3735\" data-element_type=\"widget\" data-e-type=\"widget\" data-widget_type=\"heading.default\">\n\t\t\t\t\t<h1 class=\"elementor-heading-title elementor-size-default\">Our new adventure<\/h1>\t\t\t\t<\/div>\n\t\t\t\t\t<\/div>\n\t\t<\/div>\n\t\t\t\t\t<\/div>\n\t\t<\/section>\n\t\t\t\t<section class=\"elementor-section elementor-top-section elementor-element elementor-element-f2e3ff6 elementor-section-boxed elementor-section-height-default elementor-section-height-default\" data-id=\"f2e3ff6\" data-element_type=\"section\" data-e-type=\"section\" data-settings=\"{&quot;background_background&quot;:&quot;classic&quot;}\">\n\t\t\t\t\t\t<div class=\"elementor-container elementor-column-gap-default\">\n\t\t\t\t\t<div class=\"elementor-column elementor-col-100 elementor-top-column elementor-element elementor-element-3551060\" data-id=\"3551060\" data-element_type=\"column\" data-e-type=\"column\">\n\t\t\t<div class=\"elementor-widget-wrap elementor-element-populated\">\n\t\t\t\t\t\t<div class=\"elementor-element elementor-element-ecca43c elementor-widget elementor-widget-image\" data-id=\"ecca43c\" data-element_type=\"widget\" data-e-type=\"widget\" data-widget_type=\"image.default\">\n\t\t\t\t\t\t\t\t\t\t\t\t\t\t\t<img fetchpriority=\"high\" decoding=\"async\" width=\"800\" height=\"609\" src=\"https:\/\/nowayout.fr\/wp-content\/uploads\/2022\/03\/2-WEB-NWO_corsaires_1024x780.jpeg\" class=\"attachment-large size-large wp-image-316\" alt=\"\" srcset=\"https:\/\/nowayout.fr\/wp-content\/uploads\/2022\/03\/2-WEB-NWO_corsaires_1024x780.jpeg 1024w, https:\/\/nowayout.fr\/wp-content\/uploads\/2022\/03\/2-WEB-NWO_corsaires_1024x780-300x229.jpeg 300w, https:\/\/nowayout.fr\/wp-content\/uploads\/2022\/03\/2-WEB-NWO_corsaires_1024x780-768x585.jpeg 768w\" sizes=\"(max-width: 800px) 100vw, 800px\" \/>\t\t\t\t\t\t\t\t\t\t\t\t\t\t\t<\/div>\n\t\t\t\t<div class=\"elementor-element elementor-element-bc97dbc elementor-widget elementor-widget-heading\" data-id=\"bc97dbc\" data-element_type=\"widget\" data-e-type=\"widget\" data-widget_type=\"heading.default\">\n\t\t\t\t\t<h2 class=\"elementor-heading-title elementor-size-default\">NoWayOut, your place for immersions and intense experiences in F\u00e9camp, presents its brand new sensational adventure...\n<\/h2>\t\t\t\t<\/div>\n\t\t\t\t<div class=\"elementor-element elementor-element-b816bb0 elementor-widget-divider--view-line elementor-widget elementor-widget-divider\" data-id=\"b816bb0\" data-element_type=\"widget\" data-e-type=\"widget\" data-widget_type=\"divider.default\">\n\t\t\t\t\t\t\t<div class=\"elementor-divider\">\n\t\t\t<span class=\"elementor-divider-separator\">\n\t\t\t\t\t\t<\/span>\n\t\t<\/div>\n\t\t\t\t\t\t<\/div>\n\t\t\t\t<div class=\"elementor-element elementor-element-b57f356 elementor-widget elementor-widget-text-editor\" data-id=\"b57f356\" data-element_type=\"widget\" data-e-type=\"widget\" data-widget_type=\"text-editor.default\">\n\t\t\t\t\t\t\t\t\t<h2 style=\"margin-right: 0px; margin-bottom: 0px; margin-left: 0px; font-variant-numeric: normal; font-variant-east-asian: normal; font-stretch: normal; font-size: 12px; line-height: normal; font-family: 'Helvetica Neue'; color: #454545; text-align: start;\"><span style=\"color: #999999;\">S\u00e9bastien Ganimard, heir to the famous family of French national security investigators STOP<\/span><\/h2><h2 style=\"margin-right: 0px; margin-bottom: 0px; margin-left: 0px; font-variant-numeric: normal; font-variant-east-asian: normal; font-stretch: normal; font-size: 12px; line-height: normal; font-family: 'Helvetica Neue'; color: #454545; text-align: start;\"><span style=\"color: #999999;\">has tracked down Ars\u00e8ne Lupin, the famous gentleman burglar who is believed to be still alive\/ STOP<\/span><br \/><span style=\"color: #999999;\">And over a hundred years old \/STOP<\/span><br \/><span style=\"color: #999999;\">In a mysterious mansion\/ STOP<\/span><br \/><span style=\"color: #999999;\">Nestled in a park of secular trees right in the center of a small town on the banks of the English Channel \/STOP<\/span><br \/><span style=\"color: #999999;\">F\u00e9camp \/ STOP<\/span><br \/><span style=\"color: #999999;\">Surprise, this LUPIN is a hundred-year-old fugitive, but as alert and cunning as ever \/STOP<\/span><br \/><span style=\"color: #999999;\">For the past 10 years, he has been \"squatting\" in this abandoned hotel and former museum \/ STOP<\/span><br \/><span style=\"color: #999999;\">The national security investigation team, led by S.Ganimard, is waiting to take over \/STOP<\/span><br \/><span style=\"color: #999999;\">they found a gigantic vault protected by a security system that is impregnable\/STOP<\/span><br \/><span style=\"color: #999999;\">Thus protected, they see at the bottom a very old conquistador's safe \/ STOP<\/span><br \/><span style=\"color: #999999;\">It is said to have been stolen from a Spanish caravel by the famous shipowner of King Fran\u00e7ois 1st's privateers: Johan ANGO\/ STOP<\/span><br \/><span style=\"color: #999999;\">Petrified corpses were found all over the building \/ STOP<\/span><br \/><span style=\"color: #999999;\">No member currently on site wants to continue the survey \/STOP<\/span><br \/><span style=\"color: #999999;\">Because an expert from the Louvre came from Paris and he thinks it's the Aztec Treasure stolen by Cortez and that it's cursed \/ STOP<\/span><br \/><span style=\"color: #999999;\">We're really counting on your team of volunteer investigators and their pragmatism \/STOP<\/span><br \/><span style=\"color: #999999;\">VOTRE BIEN DEVOU\u00c9 S. GANIMARD \/ STOP &amp; FIN<\/span><\/h2>\t\t\t\t\t\t\t\t<\/div>\n\t\t\t\t\t<\/div>\n\t\t<\/div>\n\t\t\t\t\t<\/div>\n\t\t<\/section>\n\t\t\t\t<section class=\"elementor-section elementor-top-section elementor-element elementor-element-11af981 elementor-section-boxed elementor-section-height-default elementor-section-height-default\" data-id=\"11af981\" data-element_type=\"section\" data-e-type=\"section\" data-settings=\"{&quot;background_background&quot;:&quot;classic&quot;}\">\n\t\t\t\t\t\t<div class=\"elementor-container elementor-column-gap-default\">\n\t\t\t\t\t<div class=\"elementor-column elementor-col-100 elementor-top-column elementor-element elementor-element-3b18afc\" data-id=\"3b18afc\" data-element_type=\"column\" data-e-type=\"column\">\n\t\t\t<div class=\"elementor-widget-wrap elementor-element-populated\">\n\t\t\t\t\t\t<div class=\"elementor-element elementor-element-eae5430 elementor-widget elementor-widget-image\" data-id=\"eae5430\" data-element_type=\"widget\" data-e-type=\"widget\" data-widget_type=\"image.default\">\n\t\t\t\t\t\t\t\t\t\t\t\t\t\t\t<img decoding=\"async\" width=\"1438\" height=\"1080\" src=\"https:\/\/nowayout.fr\/wp-content\/uploads\/2023\/05\/comica1683738648745.jpg\" class=\"attachment-1536x1536 size-1536x1536 wp-image-1004\" alt=\"\" srcset=\"https:\/\/nowayout.fr\/wp-content\/uploads\/2023\/05\/comica1683738648745.jpg 1438w, https:\/\/nowayout.fr\/wp-content\/uploads\/2023\/05\/comica1683738648745-300x225.jpg 300w, https:\/\/nowayout.fr\/wp-content\/uploads\/2023\/05\/comica1683738648745-1024x769.jpg 1024w, https:\/\/nowayout.fr\/wp-content\/uploads\/2023\/05\/comica1683738648745-768x577.jpg 768w\" sizes=\"(max-width: 1438px) 100vw, 1438px\" \/>\t\t\t\t\t\t\t\t\t\t\t\t\t\t\t<\/div>\n\t\t\t\t<div class=\"elementor-element elementor-element-0ef8872 elementor-widget elementor-widget-image\" data-id=\"0ef8872\" data-element_type=\"widget\" data-e-type=\"widget\" data-widget_type=\"image.default\">\n\t\t\t\t\t\t\t\t\t\t\t\t\t\t\t<img decoding=\"async\" width=\"1920\" height=\"1080\" src=\"https:\/\/nowayout.fr\/wp-content\/uploads\/2023\/05\/comica1683739039724.jpg\" class=\"attachment-2048x2048 size-2048x2048 wp-image-1013\" alt=\"\" \/>\t\t\t\t\t\t\t\t\t\t\t\t\t\t\t<\/div>\n\t\t\t\t<div class=\"elementor-element elementor-element-e4d84bc elementor-widget elementor-widget-image\" data-id=\"e4d84bc\" data-element_type=\"widget\" data-e-type=\"widget\" data-widget_type=\"image.default\">\n\t\t\t\t\t\t\t\t\t\t\t\t\t\t\t<img loading=\"lazy\" decoding=\"async\" width=\"1750\" height=\"1080\" src=\"https:\/\/nowayout.fr\/wp-content\/uploads\/2023\/05\/comica1683735745085.jpg\" class=\"attachment-2048x2048 size-2048x2048 wp-image-1006\" alt=\"\" srcset=\"https:\/\/nowayout.fr\/wp-content\/uploads\/2023\/05\/comica1683735745085.jpg 1750w, https:\/\/nowayout.fr\/wp-content\/uploads\/2023\/05\/comica1683735745085-300x185.jpg 300w, https:\/\/nowayout.fr\/wp-content\/uploads\/2023\/05\/comica1683735745085-1024x632.jpg 1024w, https:\/\/nowayout.fr\/wp-content\/uploads\/2023\/05\/comica1683735745085-768x474.jpg 768w, https:\/\/nowayout.fr\/wp-content\/uploads\/2023\/05\/comica1683735745085-1536x948.jpg 1536w\" sizes=\"(max-width: 1750px) 100vw, 1750px\" \/>\t\t\t\t\t\t\t\t\t\t\t\t\t\t\t<\/div>\n\t\t\t\t<div class=\"elementor-element elementor-element-aa2b919 elementor-widget elementor-widget-image\" data-id=\"aa2b919\" data-element_type=\"widget\" data-e-type=\"widget\" data-widget_type=\"image.default\">\n\t\t\t\t\t\t\t\t\t\t\t\t\t\t\t<img loading=\"lazy\" decoding=\"async\" width=\"768\" height=\"1024\" src=\"https:\/\/nowayout.fr\/wp-content\/uploads\/2023\/05\/comica1683443182577-768x1024.jpg\" class=\"attachment-large size-large wp-image-1016\" alt=\"\" srcset=\"https:\/\/nowayout.fr\/wp-content\/uploads\/2023\/05\/comica1683443182577-768x1024.jpg 768w, https:\/\/nowayout.fr\/wp-content\/uploads\/2023\/05\/comica1683443182577-225x300.jpg 225w, https:\/\/nowayout.fr\/wp-content\/uploads\/2023\/05\/comica1683443182577.jpg 805w\" sizes=\"(max-width: 768px) 100vw, 768px\" \/>\t\t\t\t\t\t\t\t\t\t\t\t\t\t\t<\/div>\n\t\t\t\t<div class=\"elementor-element elementor-element-186458e elementor-widget elementor-widget-image\" data-id=\"186458e\" data-element_type=\"widget\" data-e-type=\"widget\" data-widget_type=\"image.default\">\n\t\t\t\t\t\t\t\t\t\t\t\t\t\t\t<img loading=\"lazy\" decoding=\"async\" width=\"473\" height=\"1024\" src=\"https:\/\/nowayout.fr\/wp-content\/uploads\/2023\/05\/comica1683737426283-473x1024.jpg\" class=\"attachment-large size-large wp-image-1007\" alt=\"\" srcset=\"https:\/\/nowayout.fr\/wp-content\/uploads\/2023\/05\/comica1683737426283-473x1024.jpg 473w, https:\/\/nowayout.fr\/wp-content\/uploads\/2023\/05\/comica1683737426283-139x300.jpg 139w, https:\/\/nowayout.fr\/wp-content\/uploads\/2023\/05\/comica1683737426283-768x1662.jpg 768w, https:\/\/nowayout.fr\/wp-content\/uploads\/2023\/05\/comica1683737426283-710x1536.jpg 710w, https:\/\/nowayout.fr\/wp-content\/uploads\/2023\/05\/comica1683737426283-946x2048.jpg 946w, https:\/\/nowayout.fr\/wp-content\/uploads\/2023\/05\/comica1683737426283.jpg 1080w\" sizes=\"(max-width: 473px) 100vw, 473px\" \/>\t\t\t\t\t\t\t\t\t\t\t\t\t\t\t<\/div>\n\t\t\t\t\t<\/div>\n\t\t<\/div>\n\t\t\t\t\t<\/div>\n\t\t<\/section>\n\t\t\t\t<\/div>","protected":false},"excerpt":{"rendered":"<p>Our new adventure NoWayOut, your place for immersions and intense experiences in F\u00e9camp, presents its brand new sensational adventure... S\u00e9bastien Ganimard, heir to the famous family of French national security investigators STOP has found the trail of Ars\u00e8ne Lupin, the famous gentleman burglar who is said to be still alive\/ STOP And more than a hundred years old \/STOP In a [...].<\/p>","protected":false},"author":2,"featured_media":0,"parent":0,"menu_order":0,"comment_status":"closed","ping_status":"closed","template":"elementor_header_footer","meta":{"footnotes":""},"class_list":["post-284","page","type-page","status-publish","hentry"],"_links":{"self":[{"href":"https:\/\/nowayout.fr\/en\/wp-json\/wp\/v2\/pages\/284","targetHints":{"allow":["GET"]}}],"collection":[{"href":"https:\/\/nowayout.fr\/en\/wp-json\/wp\/v2\/pages"}],"about":[{"href":"https:\/\/nowayout.fr\/en\/wp-json\/wp\/v2\/types\/page"}],"author":[{"embeddable":true,"href":"https:\/\/nowayout.fr\/en\/wp-json\/wp\/v2\/users\/2"}],"replies":[{"embeddable":true,"href":"https:\/\/nowayout.fr\/en\/wp-json\/wp\/v2\/comments?post=284"}],"version-history":[{"count":141,"href":"https:\/\/nowayout.fr\/en\/wp-json\/wp\/v2\/pages\/284\/revisions"}],"predecessor-version":[{"id":1769,"href":"https:\/\/nowayout.fr\/en\/wp-json\/wp\/v2\/pages\/284\/revisions\/1769"}],"wp:attachment":[{"href":"https:\/\/nowayout.fr\/en\/wp-json\/wp\/v2\/media?parent=284"}],"curies":[{"name":"wp","href":"https:\/\/api.w.org\/{rel}","templated":true}]}}