{"id":939,"date":"2023-02-16T12:05:23","date_gmt":"2023-02-16T11:05:23","guid":{"rendered":"https:\/\/nowayout.fr\/?page_id=939"},"modified":"2024-11-07T14:48:52","modified_gmt":"2024-11-07T13:48:52","slug":"la-legende-d-arsene-lupin-le-gentleman-cambrioleur","status":"publish","type":"page","link":"https:\/\/nowayout.fr\/en\/notre-nouvelle-aventure-escape-game-de-90-minutes-en-plein-centre-de-fecamp-76400\/la-legende-d-arsene-lupin-le-gentleman-burglar\/","title":{"rendered":"JUDICIAL RECORD OF OUR FAMOUS: Ars\u00e8ne Lupin"},"content":{"rendered":"<div data-elementor-type=\"wp-page\" data-elementor-id=\"939\" class=\"elementor elementor-939\" data-elementor-post-type=\"page\">\n\t\t\t\t\t\t<section class=\"elementor-section elementor-top-section elementor-element elementor-element-2f21afbc elementor-section-boxed elementor-section-height-default elementor-section-height-default\" data-id=\"2f21afbc\" data-element_type=\"section\" data-e-type=\"section\">\n\t\t\t\t\t\t<div class=\"elementor-container elementor-column-gap-default\">\n\t\t\t\t\t<div class=\"elementor-column elementor-col-100 elementor-top-column elementor-element elementor-element-1868b819\" data-id=\"1868b819\" data-element_type=\"column\" data-e-type=\"column\">\n\t\t\t<div class=\"elementor-widget-wrap elementor-element-populated\">\n\t\t\t\t\t\t<div class=\"elementor-element elementor-element-2c7e85d0 elementor-widget elementor-widget-text-editor\" data-id=\"2c7e85d0\" data-element_type=\"widget\" data-e-type=\"widget\" data-widget_type=\"text-editor.default\">\n\t\t\t\t\t\t\t\t\t<p>Ars\u00e8ne Lupin is one of the best-known and most popular characters of all time. He has captivated readers with daring adventures and incredible feats.<\/p><p>Ars\u00e8ne Lupin's stories are breathtaking and fascinating plunges into the world of banditry and high society at the beginning of the 20th century.\u00a0<\/p><p>Well-written, full of dramatic moves and unexpected twists, all the ingredients of the suspense that keeps the reader on the edge of his seat are present on every page.<\/p><p>The perfect combination of world and setting, his ability to extricate himself from situations that always seem hopeless, and his bold, charismatic personality make him the perfect hero.  Ars\u00e8ne Lupin, like a cat that always lands on its feet, becomes the fantasy hero who dazzles readers and viewers alike...<\/p><p>Let's try and understand why and how...<\/p><p><span style=\"background-color: transparent; word-spacing: 0.4em;\">The mystery of Ars\u00e8ne Lupin: the man of a thousand names and masks .<\/span><\/p><p>Ars\u00e8ne Lupin is a character famous for his ability to disguise himself. The gentleman burglar is known for his multiple identities, masks and elaborate costumes.<\/p><p>But how has he managed to deceive the authorities and escape justice all these years?<\/p><p>Let's explore the mystery of Ars\u00e8ne Lupin, the man of a thousand names and masks. First and foremost, he's one of those complex characters with a \"thousand\" appearances. He used a multitude of identities, including D\u00e9sir\u00e9 Baudru, Raoul d'Andr\u00e9sy, Jean Daspry, Colonel Sparmiento, Prince R\u00e9nine, Jim Barnett, the Count of Grimaud and many others. <u>(Today we know him by around 34 borrowed names).<\/u><\/p><p>In addition to these names, he is known for his disguise and make-up skills, which enable him to blend into the crowd and evade the police and, of course, the law.<\/p><p>For the police and national security services, the \"Ars\u00e8ne Lupin\" mystery lies in his ability to transform himself in an instant. A true magician, he can become an elegant aristocrat, a construction worker or a sailor. He has the ability to disguise himself with great skill and precision, perfectly imitating the mannerisms and expressions of his characters.<\/p><p>This enabled him to slip through the police net regularly and remain unidentified, even though he is still actively sought.<\/p><p>How did Ars\u00e8ne Lupin manage to deceive the finest members of the national police force and escape justice in the process?<\/p><p>This is thanks to his ability to use his intelligence, wit and intuition to anticipate police movements and avoid traps.<\/p><p>He also has an in-depth knowledge of French society, which enables him to blend in with the crowd and avoid attracting attention.<\/p><p>We believe and have proof that, despite his advanced age, he is still alive...\u00a0<\/p>\t\t\t\t\t\t\t\t<\/div>\n\t\t\t\t\t<\/div>\n\t\t<\/div>\n\t\t\t\t\t<\/div>\n\t\t<\/section>\n\t\t\t\t<\/div>","protected":false},"excerpt":{"rendered":"<p>Ars\u00e8ne Lupin is one of the best-known and most popular characters of all time. He has captivated readers with daring adventures and incredible exploits. Ars\u00e8ne Lupin's stories are breathtaking and exciting plunges into the world of banditry and high society at the beginning of the 20th century. Well [...]<\/p>","protected":false},"author":2,"featured_media":0,"parent":52,"menu_order":0,"comment_status":"closed","ping_status":"closed","template":"","meta":{"footnotes":""},"class_list":["post-939","page","type-page","status-publish","hentry"],"_links":{"self":[{"href":"https:\/\/nowayout.fr\/en\/wp-json\/wp\/v2\/pages\/939","targetHints":{"allow":["GET"]}}],"collection":[{"href":"https:\/\/nowayout.fr\/en\/wp-json\/wp\/v2\/pages"}],"about":[{"href":"https:\/\/nowayout.fr\/en\/wp-json\/wp\/v2\/types\/page"}],"author":[{"embeddable":true,"href":"https:\/\/nowayout.fr\/en\/wp-json\/wp\/v2\/users\/2"}],"replies":[{"embeddable":true,"href":"https:\/\/nowayout.fr\/en\/wp-json\/wp\/v2\/comments?post=939"}],"version-history":[{"count":11,"href":"https:\/\/nowayout.fr\/en\/wp-json\/wp\/v2\/pages\/939\/revisions"}],"predecessor-version":[{"id":1854,"href":"https:\/\/nowayout.fr\/en\/wp-json\/wp\/v2\/pages\/939\/revisions\/1854"}],"up":[{"embeddable":true,"href":"https:\/\/nowayout.fr\/en\/wp-json\/wp\/v2\/pages\/52"}],"wp:attachment":[{"href":"https:\/\/nowayout.fr\/en\/wp-json\/wp\/v2\/media?parent=939"}],"curies":[{"name":"wp","href":"https:\/\/api.w.org\/{rel}","templated":true}]}}